{"id":245,"date":"2017-07-07T11:07:41","date_gmt":"2017-07-07T11:07:41","guid":{"rendered":"http:\/\/gradimmo.at\/?page_id=245"},"modified":"2023-02-02T00:11:25","modified_gmt":"2023-02-01T23:11:25","slug":"our-benefits","status":"publish","type":"page","link":"http:\/\/www.moderne-efc.com\/?page_id=245","title":{"rendered":"\u00dcber uns"},"content":{"rendered":"<section class=\"wpb-content-wrapper\"><p>[vc_row full_width=&#8220;stretch_row&#8220; css=&#8220;.vc_custom_1499424773659{background-color: #f6f6f6 !important;}&#8220;][vc_column][vc_empty_space alter_height=&#8220;huge&#8220; hide_on_desktop=&#8220;&#8220; hide_on_notebook=&#8220;&#8220; hide_on_tablet=&#8220;&#8220; hide_on_mobile=&#8220;&#8220;]<div  id=\"sc_promo_484340483\" \n\tclass=\"sc_promo color_style_default sc_promo_default sc_promo_size_large sc_promo_no_paddings sc_promo_image_position_right\"><div class=\"sc_promo_image\" style=\"width:50%;right: 0;\"><div class=\"slider_outer slider_swiper_outer slider_style_default slider_outer_direction_horizontal slider_outer_one slider_outer_pagination slider_outer_pagination_bullets slider_outer_pagination_pos_bottom slider_outer_controls slider_outer_controls_side slider_outer_notitles\"><div class=\"slider_container slider_swiper swiper-slider-container slider_controls slider_controls_side slider_notitles slider_noresize slider_height_auto slider_direction_horizontal slider_pagination slider_pagination_bullets slider_pagination_pos_bottom slider_one slider_type_bg\" data-ratio=\"16:9\" data-interval=\"8179\" data-effect=\"slide\" data-pagination=\"bullets\" data-direction=\"horizontal\" data-slides-per-view=\"1\" data-slides-space=\"0\"><div class=\"slider-wrapper swiper-wrapper\"><div  class=\"slider-slide swiper-slide\" data-image=\"http:\/\/www.moderne-efc.com\/wp-content\/uploads\/2023\/02\/diploma3.jpg\" style=\"background-image:url(http:\/\/www.moderne-efc.com\/wp-content\/uploads\/2023\/02\/diploma3.jpg);\"><\/div><div  class=\"slider-slide swiper-slide\" data-image=\"http:\/\/www.moderne-efc.com\/wp-content\/uploads\/2023\/01\/WhatsApp-Bild-2023-01-31-um-13.18.37.jpg\" style=\"background-image:url(http:\/\/www.moderne-efc.com\/wp-content\/uploads\/2023\/01\/WhatsApp-Bild-2023-01-31-um-13.18.37.jpg);\"><\/div><div  class=\"slider-slide swiper-slide\" data-image=\"http:\/\/www.moderne-efc.com\/wp-content\/uploads\/2023\/02\/diploma1.jpg\" style=\"background-image:url(http:\/\/www.moderne-efc.com\/wp-content\/uploads\/2023\/02\/diploma1.jpg);\"><\/div><\/div><!-- \/.slider-wrapper --><div class=\"slider_controls_wrap\"><a class=\"slider_prev swiper-button-prev\" href=\"#\"><\/a><a class=\"slider_next swiper-button-next\" href=\"#\"><\/a><\/div><div class=\"slider_pagination_wrap swiper-pagination\"><\/div><\/div><!-- \/.slider_container --><\/div><!-- \/.slider_outer --><\/div><div class=\"sc_promo_text trx_addons_stretch_height\" style=\"width: 50%;float: left;\">\n\t\t\t<div class=\"sc_promo_text_inner sc_content_width_50%\" style=\"\"><h6 class=\"sc_item_subtitle sc_promo_subtitle sc_align_left sc_item_title_style_default\">\u00dcber uns<\/h6><h1 class=\"sc_item_title sc_promo_title sc_align_left sc_item_title_style_default sc_item_title_tag\">Moderne Elektroinstallationen Fischer & Curic GmbH<\/h1><div class=\"sc_item_descr sc_promo_descr sc_align_left\"><p>Moderne Elektroinstallationen Fischer & Curic wurde 1936 gegr\u00fcndet. Wir sind vertrauensw\u00fcrdige und zuverl\u00e4ssige Elektriker, die sowohl Kunden in der Stadt Wien als auch in \u00d6sterreich bedienen. Wir verf\u00fcgen \u00fcber umfangreiche Erfahrungen mit Elektroinstallationen f\u00fcr Privathaushalte und Unternehmen, und kein Auftrag ist zu klein. Unsere Kunden sch\u00e4tzen unsere Professionalit\u00e4t, Arbeitsmoral und unsere wettbewerbsf\u00e4higen Preise.<\/p>\n<p>F\u00fcr alle Ihre Anforderungen an Elektro- und Sicherheitssysteme<\/p>\n<\/div><\/div>\n\t\t<\/div><!-- \/.sc_promo_text --><\/div><!-- \/.sc_promo -->[vc_empty_space alter_height=&#8220;huge&#8220; hide_on_desktop=&#8220;&#8220; hide_on_notebook=&#8220;&#8220; hide_on_tablet=&#8220;&#8220; hide_on_mobile=&#8220;&#8220;][\/vc_column][\/vc_row]<\/p>\n<\/section>","protected":false},"excerpt":{"rendered":"<p>[vc_row full_width=&#8220;stretch_row&#8220; css=&#8220;.vc_custom_1499424773659{background-color: #f6f6f6 !important;}&#8220;][vc_column][vc_empty_space alter_height=&#8220;huge&#8220; hide_on_desktop=&#8220;&#8220; hide_on_notebook=&#8220;&#8220; hide_on_tablet=&#8220;&#8220; hide_on_mobile=&#8220;&#8220;][vc_empty_space alter_height=&#8220;huge&#8220; hide_on_desktop=&#8220;&#8220; hide_on_notebook=&#8220;&#8220; hide_on_tablet=&#8220;&#8220; hide_on_mobile=&#8220;&#8220;][\/vc_column][\/vc_row]<\/p>\n","protected":false},"author":1,"featured_media":0,"parent":0,"menu_order":0,"comment_status":"closed","ping_status":"closed","template":"","meta":{"ngg_post_thumbnail":0,"footnotes":""},"class_list":["post-245","page","type-page","status-publish","hentry"],"yoast_head":"<!-- This site is optimized with the Yoast SEO plugin v20.9 - https:\/\/yoast.com\/wordpress\/plugins\/seo\/ -->\n<title>\u00dcber uns - EFC GmbH<\/title>\n<meta name=\"robots\" content=\"index, follow, max-snippet:-1, max-image-preview:large, max-video-preview:-1\" \/>\n<link rel=\"canonical\" href=\"https:\/\/www.moderne-efc.com\/?page_id=245\" \/>\n<meta property=\"og:locale\" content=\"de_DE\" \/>\n<meta property=\"og:type\" content=\"article\" \/>\n<meta property=\"og:title\" content=\"\u00dcber uns - EFC GmbH\" \/>\n<meta property=\"og:description\" content=\"[vc_row full_width=&#8220;stretch_row&#8220; css=&#8220;.vc_custom_1499424773659{background-color: #f6f6f6 !important;}&#8220;][vc_column][vc_empty_space alter_height=&#8220;huge&#8220; hide_on_desktop=&#8220;&#8220; hide_on_notebook=&#8220;&#8220; hide_on_tablet=&#8220;&#8220; hide_on_mobile=&#8220;&#8220;][vc_empty_space alter_height=&#8220;huge&#8220; hide_on_desktop=&#8220;&#8220; hide_on_notebook=&#8220;&#8220; hide_on_tablet=&#8220;&#8220; hide_on_mobile=&#8220;&#8220;][\/vc_column][\/vc_row]\" \/>\n<meta property=\"og:url\" content=\"https:\/\/www.moderne-efc.com\/?page_id=245\" \/>\n<meta property=\"og:site_name\" content=\"EFC GmbH\" \/>\n<meta property=\"article:modified_time\" content=\"2023-02-01T23:11:25+00:00\" \/>\n<meta name=\"twitter:card\" content=\"summary_large_image\" \/>\n<meta name=\"twitter:label1\" content=\"Gesch\u00e4tzte Lesezeit\" \/>\n\t<meta name=\"twitter:data1\" content=\"1\u00a0Minute\" \/>\n<script type=\"application\/ld+json\" class=\"yoast-schema-graph\">{\"@context\":\"https:\/\/schema.org\",\"@graph\":[{\"@type\":\"WebPage\",\"@id\":\"https:\/\/www.moderne-efc.com\/?page_id=245\",\"url\":\"https:\/\/www.moderne-efc.com\/?page_id=245\",\"name\":\"\u00dcber uns - EFC GmbH\",\"isPartOf\":{\"@id\":\"https:\/\/www.moderne-efc.com\/#website\"},\"datePublished\":\"2017-07-07T11:07:41+00:00\",\"dateModified\":\"2023-02-01T23:11:25+00:00\",\"breadcrumb\":{\"@id\":\"https:\/\/www.moderne-efc.com\/?page_id=245#breadcrumb\"},\"inLanguage\":\"de\",\"potentialAction\":[{\"@type\":\"ReadAction\",\"target\":[\"https:\/\/www.moderne-efc.com\/?page_id=245\"]}]},{\"@type\":\"BreadcrumbList\",\"@id\":\"https:\/\/www.moderne-efc.com\/?page_id=245#breadcrumb\",\"itemListElement\":[{\"@type\":\"ListItem\",\"position\":1,\"name\":\"Startseite\",\"item\":\"https:\/\/www.moderne-efc.com\/\"},{\"@type\":\"ListItem\",\"position\":2,\"name\":\"\u00dcber uns\"}]},{\"@type\":\"WebSite\",\"@id\":\"https:\/\/www.moderne-efc.com\/#website\",\"url\":\"https:\/\/www.moderne-efc.com\/\",\"name\":\"EFC GmbH\",\"description\":\"Elektroinstallationen Fischer &amp; Curic GmbH\",\"alternateName\":\"Moderne Elektroinstallationen Fischer & Curic KEG\",\"potentialAction\":[{\"@type\":\"SearchAction\",\"target\":{\"@type\":\"EntryPoint\",\"urlTemplate\":\"https:\/\/www.moderne-efc.com\/?s={search_term_string}\"},\"query-input\":\"required name=search_term_string\"}],\"inLanguage\":\"de\"}]}<\/script>\n<!-- \/ Yoast SEO plugin. -->","yoast_head_json":{"title":"\u00dcber uns - EFC GmbH","robots":{"index":"index","follow":"follow","max-snippet":"max-snippet:-1","max-image-preview":"max-image-preview:large","max-video-preview":"max-video-preview:-1"},"canonical":"https:\/\/www.moderne-efc.com\/?page_id=245","og_locale":"de_DE","og_type":"article","og_title":"\u00dcber uns - EFC GmbH","og_description":"[vc_row full_width=&#8220;stretch_row&#8220; css=&#8220;.vc_custom_1499424773659{background-color: #f6f6f6 !important;}&#8220;][vc_column][vc_empty_space alter_height=&#8220;huge&#8220; hide_on_desktop=&#8220;&#8220; hide_on_notebook=&#8220;&#8220; hide_on_tablet=&#8220;&#8220; hide_on_mobile=&#8220;&#8220;][vc_empty_space alter_height=&#8220;huge&#8220; hide_on_desktop=&#8220;&#8220; hide_on_notebook=&#8220;&#8220; hide_on_tablet=&#8220;&#8220; hide_on_mobile=&#8220;&#8220;][\/vc_column][\/vc_row]","og_url":"https:\/\/www.moderne-efc.com\/?page_id=245","og_site_name":"EFC GmbH","article_modified_time":"2023-02-01T23:11:25+00:00","twitter_card":"summary_large_image","twitter_misc":{"Gesch\u00e4tzte Lesezeit":"1\u00a0Minute"},"schema":{"@context":"https:\/\/schema.org","@graph":[{"@type":"WebPage","@id":"https:\/\/www.moderne-efc.com\/?page_id=245","url":"https:\/\/www.moderne-efc.com\/?page_id=245","name":"\u00dcber uns - EFC GmbH","isPartOf":{"@id":"https:\/\/www.moderne-efc.com\/#website"},"datePublished":"2017-07-07T11:07:41+00:00","dateModified":"2023-02-01T23:11:25+00:00","breadcrumb":{"@id":"https:\/\/www.moderne-efc.com\/?page_id=245#breadcrumb"},"inLanguage":"de","potentialAction":[{"@type":"ReadAction","target":["https:\/\/www.moderne-efc.com\/?page_id=245"]}]},{"@type":"BreadcrumbList","@id":"https:\/\/www.moderne-efc.com\/?page_id=245#breadcrumb","itemListElement":[{"@type":"ListItem","position":1,"name":"Startseite","item":"https:\/\/www.moderne-efc.com\/"},{"@type":"ListItem","position":2,"name":"\u00dcber uns"}]},{"@type":"WebSite","@id":"https:\/\/www.moderne-efc.com\/#website","url":"https:\/\/www.moderne-efc.com\/","name":"EFC GmbH","description":"Elektroinstallationen Fischer &amp; Curic GmbH","alternateName":"Moderne Elektroinstallationen Fischer & Curic KEG","potentialAction":[{"@type":"SearchAction","target":{"@type":"EntryPoint","urlTemplate":"https:\/\/www.moderne-efc.com\/?s={search_term_string}"},"query-input":"required name=search_term_string"}],"inLanguage":"de"}]}},"_links":{"self":[{"href":"http:\/\/www.moderne-efc.com\/index.php?rest_route=\/wp\/v2\/pages\/245","targetHints":{"allow":["GET"]}}],"collection":[{"href":"http:\/\/www.moderne-efc.com\/index.php?rest_route=\/wp\/v2\/pages"}],"about":[{"href":"http:\/\/www.moderne-efc.com\/index.php?rest_route=\/wp\/v2\/types\/page"}],"author":[{"embeddable":true,"href":"http:\/\/www.moderne-efc.com\/index.php?rest_route=\/wp\/v2\/users\/1"}],"replies":[{"embeddable":true,"href":"http:\/\/www.moderne-efc.com\/index.php?rest_route=%2Fwp%2Fv2%2Fcomments&post=245"}],"version-history":[{"count":18,"href":"http:\/\/www.moderne-efc.com\/index.php?rest_route=\/wp\/v2\/pages\/245\/revisions"}],"predecessor-version":[{"id":1529,"href":"http:\/\/www.moderne-efc.com\/index.php?rest_route=\/wp\/v2\/pages\/245\/revisions\/1529"}],"wp:attachment":[{"href":"http:\/\/www.moderne-efc.com\/index.php?rest_route=%2Fwp%2Fv2%2Fmedia&parent=245"}],"curies":[{"name":"wp","href":"https:\/\/api.w.org\/{rel}","templated":true}]}}