{"id":295,"date":"2017-07-07T12:54:15","date_gmt":"2017-07-07T12:54:15","guid":{"rendered":"http:\/\/gradimmo.at\/?page_id=295"},"modified":"2023-06-23T09:08:20","modified_gmt":"2023-06-23T07:08:20","slug":"home-1","status":"publish","type":"page","link":"https:\/\/www.moderne-efc.com\/","title":{"rendered":"Home"},"content":{"rendered":"<section class=\"wpb-content-wrapper\"><p>[vc_row][vc_column][rev_slider_vc alias=&#8220;home-1&#8243;][\/vc_column][\/vc_row][vc_row][vc_column width=&#8220;1\/2&#8243; icons_position=&#8220;left&#8220; offset=&#8220;vc_col-sm-offset-3&#8243;][vc_empty_space alter_height=&#8220;huge&#8220; hide_on_desktop=&#8220;&#8220; hide_on_notebook=&#8220;&#8220; hide_on_tablet=&#8220;&#8220; hide_on_mobile=&#8220;&#8220; css=&#8220;.vc_custom_1504256739846{margin-top: -0.15rem !important;}&#8220;]<div id=\"sc_title_2116150568\"\n\t\tclass=\"sc_title color_style_default sc_title_default\"><h6 class=\"sc_item_subtitle sc_title_subtitle sc_align_center sc_item_title_style_default\">Referenzen<\/h6><h3 class=\"sc_item_title sc_title_title sc_align_center sc_item_title_style_default\">Warum sind wir die richtige Wahl<\/h3><\/div><!-- \/.sc_title -->[vc_empty_space alter_height=&#8220;huge&#8220; hide_on_desktop=&#8220;&#8220; hide_on_notebook=&#8220;&#8220; hide_on_tablet=&#8220;&#8220; hide_on_mobile=&#8220;&#8220; css=&#8220;.vc_custom_1504256739846{margin-top: -0.15rem !important;}&#8220;][\/vc_column][\/vc_row][vc_row full_width=&#8220;stretch_row_content_no_spaces&#8220; hide_bg_image_on_tablet=&#8220;&#8220; hide_bg_image_on_mobile=&#8220;&#8220; row_delimiter=&#8220;&#8220; row_fixed=&#8220;&#8220; hide_on_desktop=&#8220;&#8220; hide_on_notebook=&#8220;&#8220; hide_on_tablet=&#8220;&#8220; hide_on_mobile=&#8220;&#8220; hide_on_frontpage=&#8220;&#8220; css=&#8220;.vc_custom_1504507465219{background-color: #151519 !important;}&#8220;][vc_column icons_position=&#8220;left&#8220;]<div id=\"sc_services_1734348930\" class=\"sc_services color_style_default sc_services_hover sc_services_featured_top\"><div class=\"sc_services_columns_wrap sc_item_columns sc_item_columns_3 trx_addons_columns_wrap columns_padding_bottom no_margin\"><div class=\"trx_addons_column-1_3 \"><div class=\"sc_services_item with_content with_image\">\n\t<div class=\"sc_services_item_header \" style=\"background-image: url(https:\/\/www.moderne-efc.com\/wp-content\/uploads\/2017\/07\/83367dac6bd5c57805d700db879285de0c39f65e-640x780.jpeg);\">\n\t\t<div class=\"sc_services_item_header_inner\">\n\t\t\t\t\t\t<h2 class=\"sc_services_item_title\"><a href=\"https:\/\/www.moderne-efc.com\/?cpt_services=commercial-industrial-services\">Gewerbliche und industrielle Dienstleistungen<\/a><\/h2>\n            <div class=\"sc_services_item_text\"><p>Die qualifizierten Elektriker der Firma verf\u00fcgen \u00fcber umfangreiche Erfahrungen im gewerblichen und industriellen Bereich<\/p>\n<\/div>\n\t\t<\/div>\n\t<\/div>\n\t\t\t<div class=\"sc_services_item_content\" style=\"background-image: url(https:\/\/www.moderne-efc.com\/wp-content\/uploads\/2017\/07\/83367dac6bd5c57805d700db879285de0c39f65e-640x780.jpeg);\">\n\t\t\t<div class=\"sc_services_item_content_inner\">\n\t\t\t\t<h2 class=\"sc_services_item_title\"><a href=\"https:\/\/www.moderne-efc.com\/?cpt_services=commercial-industrial-services\">Gewerbliche und industrielle Dienstleistungen<\/a><\/h2>\n                <a class=\"sc_button\" href=\"https:\/\/www.moderne-efc.com\/?cpt_services=commercial-industrial-services\">Read More<\/a>\n            <\/div>\n\t\t<\/div>\n\t<\/div>\n<\/div><div class=\"trx_addons_column-1_3 \"><div class=\"sc_services_item with_content with_image\">\n\t<div class=\"sc_services_item_header \" style=\"background-image: url(https:\/\/www.moderne-efc.com\/wp-content\/uploads\/2023\/01\/cctv-640x600.jpg);\">\n\t\t<div class=\"sc_services_item_header_inner\">\n\t\t\t\t\t\t<h2 class=\"sc_services_item_title\"><a href=\"https:\/\/www.moderne-efc.com\/?cpt_services=whole-house-generator-installation-maintenance\">Installation und Wartung von Sicherherheitsystemen<\/a><\/h2>\n            <div class=\"sc_services_item_text\"><p>F\u00fcr mehr Sicherheit f\u00fcr Ihr zu Hause<\/p>\n<\/div>\n\t\t<\/div>\n\t<\/div>\n\t\t\t<div class=\"sc_services_item_content\" style=\"background-image: url(https:\/\/www.moderne-efc.com\/wp-content\/uploads\/2023\/01\/cctv-640x600.jpg);\">\n\t\t\t<div class=\"sc_services_item_content_inner\">\n\t\t\t\t<h2 class=\"sc_services_item_title\"><a href=\"https:\/\/www.moderne-efc.com\/?cpt_services=whole-house-generator-installation-maintenance\">Installation und Wartung von Sicherherheitsystemen<\/a><\/h2>\n                <a class=\"sc_button\" href=\"https:\/\/www.moderne-efc.com\/?cpt_services=whole-house-generator-installation-maintenance\">Read More<\/a>\n            <\/div>\n\t\t<\/div>\n\t<\/div>\n<\/div><div class=\"trx_addons_column-1_3 \"><div class=\"sc_services_item with_content with_image\">\n\t<div class=\"sc_services_item_header \" style=\"background-image: url(https:\/\/www.moderne-efc.com\/wp-content\/uploads\/2017\/07\/LAN-kabel-640x568.jpg);\">\n\t\t<div class=\"sc_services_item_header_inner\">\n\t\t\t\t\t\t<h2 class=\"sc_services_item_title\"><a href=\"https:\/\/www.moderne-efc.com\/?cpt_services=electrical-wiring-and-re-wiring-experts\">Experten f\u00fcr Elektroinstallation und Neuverdrahtung<\/a><\/h2>\n            <div class=\"sc_services_item_text\"><p>F\u00fcr den Wohnungsneubau ist EFC einer der gr\u00f6\u00dften Dienstleister<\/p>\n<\/div>\n\t\t<\/div>\n\t<\/div>\n\t\t\t<div class=\"sc_services_item_content\" style=\"background-image: url(https:\/\/www.moderne-efc.com\/wp-content\/uploads\/2017\/07\/LAN-kabel-640x568.jpg);\">\n\t\t\t<div class=\"sc_services_item_content_inner\">\n\t\t\t\t<h2 class=\"sc_services_item_title\"><a href=\"https:\/\/www.moderne-efc.com\/?cpt_services=electrical-wiring-and-re-wiring-experts\">Experten f\u00fcr Elektroinstallation und Neuverdrahtung<\/a><\/h2>\n                <a class=\"sc_button\" href=\"https:\/\/www.moderne-efc.com\/?cpt_services=electrical-wiring-and-re-wiring-experts\">Read More<\/a>\n            <\/div>\n\t\t<\/div>\n\t<\/div>\n<\/div><\/div><\/div><!-- \/.sc_services -->[\/vc_column][\/vc_row][vc_row full_width=&#8220;stretch_row&#8220; equal_height=&#8220;yes&#8220; content_placement=&#8220;bottom&#8220; css=&#8220;.vc_custom_1504264054061{background-color: #f6f6f6 !important;}&#8220;][vc_column icons_position=&#8220;left&#8220;][vc_empty_space alter_height=&#8220;huge&#8220; hide_on_desktop=&#8220;&#8220; hide_on_notebook=&#8220;&#8220; hide_on_tablet=&#8220;&#8220; hide_on_mobile=&#8220;&#8220; css=&#8220;.vc_custom_1504264501600{margin-top: 0.2rem !important;}&#8220;][\/vc_column][\/vc_row][vc_row full_width=&#8220;stretch_row_content_no_spaces&#8220; hide_bg_image_on_tablet=&#8220;&#8220; hide_bg_image_on_mobile=&#8220;&#8220;][vc_column width=&#8220;1\/2&#8243; icons_position=&#8220;left&#8220;][\/vc_column][vc_column width=&#8220;1\/2&#8243; icons_position=&#8220;left&#8220;][vc_row_inner hide_bg_image_on_tablet=&#8220;&#8220; hide_bg_image_on_mobile=&#8220;&#8220; css=&#8220;.vc_custom_1504185223357{background-color: rgba(37,38,46,0.8) !important;*background-color: rgb(37,38,46) !important;}&#8220;][vc_column_inner width=&#8220;1\/6&#8243; icons_position=&#8220;left&#8220;][\/vc_column_inner][vc_column_inner width=&#8220;2\/3&#8243; icons_position=&#8220;left&#8220;][vc_empty_space alter_height=&#8220;medium&#8220; hide_on_desktop=&#8220;&#8220; hide_on_notebook=&#8220;&#8220; hide_on_tablet=&#8220;&#8220; hide_on_mobile=&#8220;&#8220; css=&#8220;.vc_custom_1504186536973{margin-top: -0.2rem !important;}&#8220;][vc_empty_space alter_height=&#8220;huge&#8220; hide_on_desktop=&#8220;&#8220; hide_on_notebook=&#8220;&#8220; hide_on_tablet=&#8220;&#8220; hide_on_mobile=&#8220;&#8220;]<div id=\"sc_title_1098192367\"\n\t\tclass=\"sc_title color_style_default scheme_dark sc_title_default\"><h3 class=\"sc_item_title sc_title_title sc_align_center sc_item_title_style_default\">Planung<\/h3><div class=\"sc_item_descr sc_title_descr sc_align_center\"><p>Die technische Planung beinhaltet eine Kostenerfassung der empfohlenen Produkte und L\u00f6sungen.<\/p>\n<\/div><\/div><!-- \/.sc_title -->[vc_empty_space alter_height=&#8220;small&#8220; hide_on_desktop=&#8220;&#8220; hide_on_notebook=&#8220;&#8220; hide_on_tablet=&#8220;&#8220; hide_on_mobile=&#8220;&#8220; css=&#8220;.vc_custom_1504186575871{margin-top: 0.8rem !important;}&#8220;][vc_empty_space alter_height=&#8220;small&#8220; hide_on_desktop=&#8220;&#8220; hide_on_notebook=&#8220;&#8220; hide_on_tablet=&#8220;&#8220; hide_on_mobile=&#8220;&#8220; css=&#8220;.vc_custom_1504188503038{margin-top: 0.95rem !important;}&#8220;][\/vc_column_inner][\/vc_row_inner][\/vc_column][\/vc_row]<\/p>\n<\/section>","protected":false},"excerpt":{"rendered":"<p>[vc_row][vc_column][rev_slider_vc alias=&#8220;home-1&#8243;][\/vc_column][\/vc_row][vc_row][vc_column width=&#8220;1\/2&#8243; icons_position=&#8220;left&#8220; offset=&#8220;vc_col-sm-offset-3&#8243;][vc_empty_space alter_height=&#8220;huge&#8220; hide_on_desktop=&#8220;&#8220; hide_on_notebook=&#8220;&#8220; hide_on_tablet=&#8220;&#8220; hide_on_mobile=&#8220;&#8220; css=&#8220;.vc_custom_1504256739846{margin-top: -0.15rem !important;}&#8220;][vc_empty_space alter_height=&#8220;huge&#8220; hide_on_desktop=&#8220;&#8220; hide_on_notebook=&#8220;&#8220; hide_on_tablet=&#8220;&#8220; hide_on_mobile=&#8220;&#8220; css=&#8220;.vc_custom_1504256739846{margin-top: -0.15rem !important;}&#8220;][\/vc_column][\/vc_row][vc_row full_width=&#8220;stretch_row_content_no_spaces&#8220; hide_bg_image_on_tablet=&#8220;&#8220; hide_bg_image_on_mobile=&#8220;&#8220; row_delimiter=&#8220;&#8220; row_fixed=&#8220;&#8220; hide_on_desktop=&#8220;&#8220; hide_on_notebook=&#8220;&#8220; hide_on_tablet=&#8220;&#8220; hide_on_mobile=&#8220;&#8220; hide_on_frontpage=&#8220;&#8220; css=&#8220;.vc_custom_1504507465219{background-color: #151519 !important;}&#8220;][vc_column icons_position=&#8220;left&#8220;][\/vc_column][\/vc_row][vc_row full_width=&#8220;stretch_row&#8220; equal_height=&#8220;yes&#8220; content_placement=&#8220;bottom&#8220; css=&#8220;.vc_custom_1504264054061{background-color: #f6f6f6 !important;}&#8220;][vc_column icons_position=&#8220;left&#8220;][vc_empty_space alter_height=&#8220;huge&#8220; hide_on_desktop=&#8220;&#8220; hide_on_notebook=&#8220;&#8220; hide_on_tablet=&#8220;&#8220; hide_on_mobile=&#8220;&#8220; css=&#8220;.vc_custom_1504264501600{margin-top: 0.2rem !important;}&#8220;][\/vc_column][\/vc_row][vc_row full_width=&#8220;stretch_row_content_no_spaces&#8220; hide_bg_image_on_tablet=&#8220;&#8220; hide_bg_image_on_mobile=&#8220;&#8220;][vc_column width=&#8220;1\/2&#8243; icons_position=&#8220;left&#8220;][\/vc_column][vc_column width=&#8220;1\/2&#8243; icons_position=&#8220;left&#8220;][vc_row_inner hide_bg_image_on_tablet=&#8220;&#8220; hide_bg_image_on_mobile=&#8220;&#8220; css=&#8220;.vc_custom_1504185223357{background-color:&hellip;<\/p>\n","protected":false},"author":1,"featured_media":0,"parent":0,"menu_order":0,"comment_status":"closed","ping_status":"closed","template":"","meta":{"ngg_post_thumbnail":0,"footnotes":""},"class_list":["post-295","page","type-page","status-publish","hentry"],"yoast_head":"<!-- This site is optimized with the Yoast SEO plugin v20.9 - https:\/\/yoast.com\/wordpress\/plugins\/seo\/ -->\n<title>Home - EFC GmbH<\/title>\n<meta name=\"robots\" content=\"index, follow, max-snippet:-1, max-image-preview:large, max-video-preview:-1\" \/>\n<link rel=\"canonical\" href=\"http:\/\/www.moderne-efc.com\/\" \/>\n<meta property=\"og:locale\" content=\"de_DE\" \/>\n<meta property=\"og:type\" content=\"article\" \/>\n<meta property=\"og:title\" content=\"Home - EFC GmbH\" \/>\n<meta property=\"og:description\" content=\"[vc_row][vc_column][rev_slider_vc alias=&#8220;home-1&#8243;][\/vc_column][\/vc_row][vc_row][vc_column width=&#8220;1\/2&#8243; icons_position=&#8220;left&#8220; offset=&#8220;vc_col-sm-offset-3&#8243;][vc_empty_space alter_height=&#8220;huge&#8220; hide_on_desktop=&#8220;&#8220; hide_on_notebook=&#8220;&#8220; hide_on_tablet=&#8220;&#8220; hide_on_mobile=&#8220;&#8220; css=&#8220;.vc_custom_1504256739846{margin-top: -0.15rem !important;}&#8220;][vc_empty_space alter_height=&#8220;huge&#8220; hide_on_desktop=&#8220;&#8220; hide_on_notebook=&#8220;&#8220; hide_on_tablet=&#8220;&#8220; hide_on_mobile=&#8220;&#8220; css=&#8220;.vc_custom_1504256739846{margin-top: -0.15rem !important;}&#8220;][\/vc_column][\/vc_row][vc_row full_width=&#8220;stretch_row_content_no_spaces&#8220; hide_bg_image_on_tablet=&#8220;&#8220; hide_bg_image_on_mobile=&#8220;&#8220; row_delimiter=&#8220;&#8220; row_fixed=&#8220;&#8220; hide_on_desktop=&#8220;&#8220; hide_on_notebook=&#8220;&#8220; hide_on_tablet=&#8220;&#8220; hide_on_mobile=&#8220;&#8220; hide_on_frontpage=&#8220;&#8220; css=&#8220;.vc_custom_1504507465219{background-color: #151519 !important;}&#8220;][vc_column icons_position=&#8220;left&#8220;][\/vc_column][\/vc_row][vc_row full_width=&#8220;stretch_row&#8220; equal_height=&#8220;yes&#8220; content_placement=&#8220;bottom&#8220; css=&#8220;.vc_custom_1504264054061{background-color: #f6f6f6 !important;}&#8220;][vc_column icons_position=&#8220;left&#8220;][vc_empty_space alter_height=&#8220;huge&#8220; hide_on_desktop=&#8220;&#8220; hide_on_notebook=&#8220;&#8220; hide_on_tablet=&#8220;&#8220; hide_on_mobile=&#8220;&#8220; css=&#8220;.vc_custom_1504264501600{margin-top: 0.2rem !important;}&#8220;][\/vc_column][\/vc_row][vc_row full_width=&#8220;stretch_row_content_no_spaces&#8220; hide_bg_image_on_tablet=&#8220;&#8220; hide_bg_image_on_mobile=&#8220;&#8220;][vc_column width=&#8220;1\/2&#8243; icons_position=&#8220;left&#8220;][\/vc_column][vc_column width=&#8220;1\/2&#8243; icons_position=&#8220;left&#8220;][vc_row_inner hide_bg_image_on_tablet=&#8220;&#8220; hide_bg_image_on_mobile=&#8220;&#8220; css=&#8220;.vc_custom_1504185223357{background-color:&hellip;\" \/>\n<meta property=\"og:url\" content=\"http:\/\/www.moderne-efc.com\/\" \/>\n<meta property=\"og:site_name\" content=\"EFC GmbH\" \/>\n<meta property=\"article:modified_time\" content=\"2023-06-23T07:08:20+00:00\" \/>\n<meta name=\"twitter:card\" content=\"summary_large_image\" \/>\n<meta name=\"twitter:label1\" content=\"Gesch\u00e4tzte Lesezeit\" \/>\n\t<meta name=\"twitter:data1\" content=\"2\u00a0Minuten\" \/>\n<script type=\"application\/ld+json\" class=\"yoast-schema-graph\">{\"@context\":\"https:\/\/schema.org\",\"@graph\":[{\"@type\":\"WebPage\",\"@id\":\"http:\/\/www.moderne-efc.com\/\",\"url\":\"http:\/\/www.moderne-efc.com\/\",\"name\":\"Home - EFC GmbH\",\"isPartOf\":{\"@id\":\"http:\/\/www.moderne-efc.com\/#website\"},\"datePublished\":\"2017-07-07T12:54:15+00:00\",\"dateModified\":\"2023-06-23T07:08:20+00:00\",\"breadcrumb\":{\"@id\":\"http:\/\/www.moderne-efc.com\/#breadcrumb\"},\"inLanguage\":\"de\",\"potentialAction\":[{\"@type\":\"ReadAction\",\"target\":[\"http:\/\/www.moderne-efc.com\/\"]}]},{\"@type\":\"BreadcrumbList\",\"@id\":\"http:\/\/www.moderne-efc.com\/#breadcrumb\",\"itemListElement\":[{\"@type\":\"ListItem\",\"position\":1,\"name\":\"Startseite\",\"item\":\"http:\/\/www.moderne-efc.com\/\"},{\"@type\":\"ListItem\",\"position\":2,\"name\":\"Home\"}]},{\"@type\":\"WebSite\",\"@id\":\"http:\/\/www.moderne-efc.com\/#website\",\"url\":\"http:\/\/www.moderne-efc.com\/\",\"name\":\"EFC GmbH\",\"description\":\"Elektroinstallationen Fischer &amp; Curic GmbH\",\"alternateName\":\"Moderne Elektroinstallationen Fischer & Curic KEG\",\"potentialAction\":[{\"@type\":\"SearchAction\",\"target\":{\"@type\":\"EntryPoint\",\"urlTemplate\":\"http:\/\/www.moderne-efc.com\/?s={search_term_string}\"},\"query-input\":\"required name=search_term_string\"}],\"inLanguage\":\"de\"}]}<\/script>\n<!-- \/ Yoast SEO plugin. -->","yoast_head_json":{"title":"Home - EFC GmbH","robots":{"index":"index","follow":"follow","max-snippet":"max-snippet:-1","max-image-preview":"max-image-preview:large","max-video-preview":"max-video-preview:-1"},"canonical":"http:\/\/www.moderne-efc.com\/","og_locale":"de_DE","og_type":"article","og_title":"Home - EFC GmbH","og_description":"[vc_row][vc_column][rev_slider_vc alias=&#8220;home-1&#8243;][\/vc_column][\/vc_row][vc_row][vc_column width=&#8220;1\/2&#8243; icons_position=&#8220;left&#8220; offset=&#8220;vc_col-sm-offset-3&#8243;][vc_empty_space alter_height=&#8220;huge&#8220; hide_on_desktop=&#8220;&#8220; hide_on_notebook=&#8220;&#8220; hide_on_tablet=&#8220;&#8220; hide_on_mobile=&#8220;&#8220; css=&#8220;.vc_custom_1504256739846{margin-top: -0.15rem !important;}&#8220;][vc_empty_space alter_height=&#8220;huge&#8220; hide_on_desktop=&#8220;&#8220; hide_on_notebook=&#8220;&#8220; hide_on_tablet=&#8220;&#8220; hide_on_mobile=&#8220;&#8220; css=&#8220;.vc_custom_1504256739846{margin-top: -0.15rem !important;}&#8220;][\/vc_column][\/vc_row][vc_row full_width=&#8220;stretch_row_content_no_spaces&#8220; hide_bg_image_on_tablet=&#8220;&#8220; hide_bg_image_on_mobile=&#8220;&#8220; row_delimiter=&#8220;&#8220; row_fixed=&#8220;&#8220; hide_on_desktop=&#8220;&#8220; hide_on_notebook=&#8220;&#8220; hide_on_tablet=&#8220;&#8220; hide_on_mobile=&#8220;&#8220; hide_on_frontpage=&#8220;&#8220; css=&#8220;.vc_custom_1504507465219{background-color: #151519 !important;}&#8220;][vc_column icons_position=&#8220;left&#8220;][\/vc_column][\/vc_row][vc_row full_width=&#8220;stretch_row&#8220; equal_height=&#8220;yes&#8220; content_placement=&#8220;bottom&#8220; css=&#8220;.vc_custom_1504264054061{background-color: #f6f6f6 !important;}&#8220;][vc_column icons_position=&#8220;left&#8220;][vc_empty_space alter_height=&#8220;huge&#8220; hide_on_desktop=&#8220;&#8220; hide_on_notebook=&#8220;&#8220; hide_on_tablet=&#8220;&#8220; hide_on_mobile=&#8220;&#8220; css=&#8220;.vc_custom_1504264501600{margin-top: 0.2rem !important;}&#8220;][\/vc_column][\/vc_row][vc_row full_width=&#8220;stretch_row_content_no_spaces&#8220; hide_bg_image_on_tablet=&#8220;&#8220; hide_bg_image_on_mobile=&#8220;&#8220;][vc_column width=&#8220;1\/2&#8243; icons_position=&#8220;left&#8220;][\/vc_column][vc_column width=&#8220;1\/2&#8243; icons_position=&#8220;left&#8220;][vc_row_inner hide_bg_image_on_tablet=&#8220;&#8220; hide_bg_image_on_mobile=&#8220;&#8220; css=&#8220;.vc_custom_1504185223357{background-color:&hellip;","og_url":"http:\/\/www.moderne-efc.com\/","og_site_name":"EFC GmbH","article_modified_time":"2023-06-23T07:08:20+00:00","twitter_card":"summary_large_image","twitter_misc":{"Gesch\u00e4tzte Lesezeit":"2\u00a0Minuten"},"schema":{"@context":"https:\/\/schema.org","@graph":[{"@type":"WebPage","@id":"http:\/\/www.moderne-efc.com\/","url":"http:\/\/www.moderne-efc.com\/","name":"Home - EFC GmbH","isPartOf":{"@id":"http:\/\/www.moderne-efc.com\/#website"},"datePublished":"2017-07-07T12:54:15+00:00","dateModified":"2023-06-23T07:08:20+00:00","breadcrumb":{"@id":"http:\/\/www.moderne-efc.com\/#breadcrumb"},"inLanguage":"de","potentialAction":[{"@type":"ReadAction","target":["http:\/\/www.moderne-efc.com\/"]}]},{"@type":"BreadcrumbList","@id":"http:\/\/www.moderne-efc.com\/#breadcrumb","itemListElement":[{"@type":"ListItem","position":1,"name":"Startseite","item":"http:\/\/www.moderne-efc.com\/"},{"@type":"ListItem","position":2,"name":"Home"}]},{"@type":"WebSite","@id":"http:\/\/www.moderne-efc.com\/#website","url":"http:\/\/www.moderne-efc.com\/","name":"EFC GmbH","description":"Elektroinstallationen Fischer &amp; Curic GmbH","alternateName":"Moderne Elektroinstallationen Fischer & Curic KEG","potentialAction":[{"@type":"SearchAction","target":{"@type":"EntryPoint","urlTemplate":"http:\/\/www.moderne-efc.com\/?s={search_term_string}"},"query-input":"required name=search_term_string"}],"inLanguage":"de"}]}},"_links":{"self":[{"href":"https:\/\/www.moderne-efc.com\/index.php?rest_route=\/wp\/v2\/pages\/295","targetHints":{"allow":["GET"]}}],"collection":[{"href":"https:\/\/www.moderne-efc.com\/index.php?rest_route=\/wp\/v2\/pages"}],"about":[{"href":"https:\/\/www.moderne-efc.com\/index.php?rest_route=\/wp\/v2\/types\/page"}],"author":[{"embeddable":true,"href":"https:\/\/www.moderne-efc.com\/index.php?rest_route=\/wp\/v2\/users\/1"}],"replies":[{"embeddable":true,"href":"https:\/\/www.moderne-efc.com\/index.php?rest_route=%2Fwp%2Fv2%2Fcomments&post=295"}],"version-history":[{"count":20,"href":"https:\/\/www.moderne-efc.com\/index.php?rest_route=\/wp\/v2\/pages\/295\/revisions"}],"predecessor-version":[{"id":1550,"href":"https:\/\/www.moderne-efc.com\/index.php?rest_route=\/wp\/v2\/pages\/295\/revisions\/1550"}],"wp:attachment":[{"href":"https:\/\/www.moderne-efc.com\/index.php?rest_route=%2Fwp%2Fv2%2Fmedia&parent=295"}],"curies":[{"name":"wp","href":"https:\/\/api.w.org\/{rel}","templated":true}]}}